{"id":6135,"date":"2021-11-30T16:50:05","date_gmt":"2021-11-30T15:50:05","guid":{"rendered":"https:\/\/www.navegavela.com\/presentation\/"},"modified":"2021-11-30T16:50:05","modified_gmt":"2021-11-30T15:50:05","slug":"presentation","status":"publish","type":"page","link":"https:\/\/www.navegavela.com\/fr\/presentation\/","title":{"rendered":"Pr\u00e9sentation"},"content":{"rendered":"<div class=\"wpb-content-wrapper\"><p>[vc_row][vc_column]<div class=\"columns_wrap sc_columns columns_nofluid sc_columns_count_2 margin_bottom_px_100\"><div class=\"column-1_2 sc_column_item sc_column_item_1 odd first\" data-animation=\"animated fadeInLeft normal\"><figure class=\"sc_image  sc_image_shape_square\"><img decoding=\"async\" src=\"https:\/\/www.navegavela.com\/wp-content\/uploads\/2016\/07\/Volvo-Alicante_reto.jpg\" alt=\"\" \/><\/figure><\/div><div class=\"column-1_2 sc_column_item sc_column_item_2 hr-2 even\" data-animation=\"animated fadeInRight normal\"><h1 class=\"sc_title sc_title_regular margin_top_px_80 margin_bottom_px_20\">Un Navegante<br \/>\ncurtido<\/h1><h5 class=\"sc_title sc_title_regular margin_top_null margin_bottom_px_40\" style=\"color:#bc1834;font-weight:600;\"><\/p>\n<p>Aitzol Burguete<\/p>\n<p><\/h5>[vc_column_text]Marins ? OUI ! Depuis toujours et pour toujours !<br \/>\nD\u2019abord l\u2019aviron olympique, puis nous avons d\u00e9couvert la voile.<\/p>\n<p>Quand ? Comme passion, il y a plus de 23 ans, et comme profession, depuis 2005. En 2003, Iratxe (originaire de Pampelune) et moi, Aitzol (de Saint-S\u00e9bastien) avons achet\u00e9 notre premier bateau pour pouvoir continuer \u00e0 naviguer avec Ib\u00f3n, notre nouveau moussaillon. En 2005, nous avons fait de notre grande passion notre profession. Comme tous les d\u00e9buts, c\u2019est dur mais c\u2019est aussi merveilleux. Nous avons d\u2019abord commenc\u00e9 \u00e0 Fontarabie (meilleur port en 2003) avec des promenades en mer puis nous avons peu \u00e0 peu d\u00e9couvert qu\u2019enseigner \u00e0 naviguer est aussi r\u00e9confortant que naviguer.<\/p>\n<p>2007 a \u00e9t\u00e9 une grande ann\u00e9e, pendant laquelle nous n\u2019avons pas arr\u00eat\u00e9 de donner des cours aux aspirants aux brevets de navigation de plaisance, tant et si bien que nous avons achet\u00e9 notre deuxi\u00e8me bateau. Un bateau plus grand et plus rapide, parce que les \u00e9l\u00e8ves nous demandent des cours de plus haut niveau, tandis que des groupes basques nous choisissent pour d\u00e9couvrir la voile et la mer, la mer et la voile\u2026 L\u2019enseignement est si gratifiant que nous avons cr\u00e9\u00e9 notre propre \u00e9cole pour aider les \u00e9l\u00e8ves \u00e0 pr\u00e9parer la partie th\u00e9orique des brevets. Et o\u00f9 les nouveaux dipl\u00f4m\u00e9s vont-ils pratiquer ? Eh bien, dans nos propres bateaux. Alors nous avons achet\u00e9 le Gure Aitxe, un bateau plus simple mais tr\u00e8s pratique, con\u00e7u pour les d\u00e9butants de notre \u00e9cole et d\u2019autres \u00e9coles\u2026 Car il n\u2019y a pas beaucoup d\u2019offre pour louer sans patron.[\/vc_column_text]<\/div><\/div>[\/vc_column][\/vc_row][vc_row][vc_column]<div class=\"columns_wrap sc_columns columns_nofluid sc_columns_count_2 margin_bottom_px_100\"><div class=\"column-1_2 sc_column_item sc_column_item_1 hr-2 odd first\" data-animation=\"animated fadeInRight normal\"><h1 class=\"sc_title sc_title_regular margin_top_px_20 margin_bottom_px_20\">La meilleure compagne de navigation<\/h1><h5 class=\"sc_title sc_title_regular margin_top_null margin_bottom_px_40\" style=\"color:#bc1834;font-weight:600;\"><\/p>\n<p>Iratxe Elso<\/p>\n<p><\/h5><\/div><div class=\"column-1_2 sc_column_item sc_column_item_2 even\" data-animation=\"animated fadeInLeft normal\"><figure class=\"sc_image  sc_image_shape_square\"><img decoding=\"async\" src=\"https:\/\/www.navegavela.com\/wp-content\/uploads\/d6dd60e3-3eb3-4134-b1ac-52c2df8313d6.jpg\" alt=\"\" \/><\/figure><\/div><\/div>[\/vc_column][\/vc_row][vc_row][vc_column]<div class=\"columns_wrap sc_columns columns_nofluid sc_columns_count_2 margin_bottom_px_100\"><div class=\"column-1_2 sc_column_item sc_column_item_1 hr-2 odd first\" data-animation=\"animated fadeInRight normal\">[vc_column_text]Je suis une personne dynamique et active. Je m\u2019occupe des t\u00e2ches de communication, de l\u2019organisation d\u2019\u00e9v\u00e9nements, des protocoles et des relations publiques. Coordination de vid\u00e9os et reportages photographiques.<\/p>\n<p>Je suis  <strong>associ\u00e9e fondatrice de Navegavela SL, responsable de communication et des relations avec les clients,<\/strong> ainsi que de l\u2019organisation d\u2019\u00e9v\u00e9nements \u00e0 bord.[\/vc_column_text]<\/div><div class=\"column-1_2 sc_column_item sc_column_item_2 even\" data-animation=\"animated fadeInLeft normal\">[vc_column_text]\u00c0 bord, <strong>tous les d\u00e9tails sont importants. J\u2019aime innover et surprendre, <\/strong> en offrant un service diff\u00e9rent \u00e0 chaque fois, capable de satisfaire aux attentes de nos groupes et de nos clients, en soignant l\u2019image et la s\u00e9curit\u00e9 \u00e0 bord.<\/p>\n<p>Mi labor es fidelizar y enamorar al cliente, que repita y disfrute de un momento privado, \u00fanico y exclusivo a bordo bien sea un grupo peque\u00f1o, una pareja, un grupo de amigos\u00a0 o un gran grupo MICE[\/vc_column_text]<\/div><\/div>[\/vc_column][\/vc_row][vc_row full_width=\u00a0\u00bbstretch_row\u00a0\u00bb inverse=\u00a0\u00bb\u00a0\u00bb css=\u00a0\u00bb.vc_custom_1470919176979{background-color: #eef7fd !important;}\u00a0\u00bb][vc_column]<div class=\"sc_section\" data-animation=\"animated fadeInUp normal\"><div class=\"sc_section_inner\"><div class=\"sc_section_content_wrap\"><h1 class=\"sc_title sc_title_underline sc_align_center margin_top_px_110 margin_bottom_px_50\" style=\"text-align:center;\">D\u00c9COUVREZ L\u2019\u00c9QUIPE<\/h1><div id=\"sc_team_189659354_wrap\" class=\"sc_team_wrap\"><div id=\"sc_team_189659354\" class=\"sc_team sc_team_style_team-1  margin_top_null margin_bottom_px_80 aligncenter\" style=\"width:100%;\"><div class=\"sc_columns columns_wrap\"><div class=\"column-1_4 column_padding_bottom\">\t\t\t<div id=\"sc_team_189659354_1\"\t\t\t\tclass=\"sc_team_item sc_team_item_1 odd first\"\n\t\t\t\t>\n\t\t\t\t<div class=\"sc_team_item_avatar\"><img decoding=\"async\" class=\"wp-post-image\" width=\"370\" height=\"370\" alt=\"Aitzol Burguete\" src=\"https:\/\/www.navegavela.com\/wp-content\/uploads\/2017\/03\/regata-fina-copia_BN-370x370.jpg\"><\/div>\n\t\t\t\t<div class=\"sc_team_item_info\">\n\t\t\t\t\t<div class=\"sc_team_item_title\"><a href=\"https:\/\/www.navegavela.com\/quienes_somos\/\">Aitzol Burguete<\/a><\/div>\n\t\t\t\t\t<div class=\"sc_team_item_position\">Capitaine et entra\u00eeneur<\/div>\n\t\t\t\t\t<div class=\"sc_socials sc_socials_type_icons sc_socials_shape_round sc_socials_size_tiny\"><div class=\"sc_socials_item\"><a href=\"https:\/\/www.facebook.com\/NAVEGAVELA-130352183643696\/?fref\" target=\"_blank\" class=\"social_icons social_facebook\"><span class=\"icon-facebook\"><\/span><\/a><\/div><div class=\"sc_socials_item\"><a href=\"https:\/\/www.tripadvisor.es\/Attraction_Review-g616235-d4885634-Reviews-Navegavela-Hondarribia_Province_of_Guipuzcoa_Basque_Country.html\" target=\"_blank\" class=\"social_icons social_eye\"><span class=\"icon-eye\"><\/span><\/a><\/div><div class=\"sc_socials_item\"><a href=\"https:\/\/www.youtube.com\/user\/navegavela\" target=\"_blank\" class=\"social_icons social_youtube\"><span class=\"icon-youtube\"><\/span><\/a><\/div><\/div>\t\t\t\t<\/div>\n\t\t\t<\/div>\n\t\t<\/div><\/div><\/div><!-- \/.sc_team --><\/div><!-- \/.sc_team_wrap --><\/div><\/div><\/div>[\/vc_column][\/vc_row]<\/p>\n<\/div>","protected":false},"excerpt":{"rendered":"<p>[vc_row][vc_column][\/vc_column][\/vc_row][vc_row][vc_column][\/vc_column][\/vc_row][vc_row][vc_column][\/vc_column][\/vc_row][vc_row full_width=\u00a0\u00bbstretch_row\u00a0\u00bb inverse=\u00a0\u00bb\u00a0\u00bb css=\u00a0\u00bb.vc_custom_1470919176979{background-color: #eef7fd !important;}\u00a0\u00bb][vc_column][\/vc_column][\/vc_row]<\/p>\n","protected":false},"author":1,"featured_media":0,"parent":0,"menu_order":6,"comment_status":"closed","ping_status":"closed","template":"","meta":{"_joinchat":[],"footnotes":""},"class_list":["post-6135","page","type-page","status-publish","hentry"],"_links":{"self":[{"href":"https:\/\/www.navegavela.com\/fr\/wp-json\/wp\/v2\/pages\/6135","targetHints":{"allow":["GET"]}}],"collection":[{"href":"https:\/\/www.navegavela.com\/fr\/wp-json\/wp\/v2\/pages"}],"about":[{"href":"https:\/\/www.navegavela.com\/fr\/wp-json\/wp\/v2\/types\/page"}],"author":[{"embeddable":true,"href":"https:\/\/www.navegavela.com\/fr\/wp-json\/wp\/v2\/users\/1"}],"replies":[{"embeddable":true,"href":"https:\/\/www.navegavela.com\/fr\/wp-json\/wp\/v2\/comments?post=6135"}],"version-history":[{"count":0,"href":"https:\/\/www.navegavela.com\/fr\/wp-json\/wp\/v2\/pages\/6135\/revisions"}],"wp:attachment":[{"href":"https:\/\/www.navegavela.com\/fr\/wp-json\/wp\/v2\/media?parent=6135"}],"curies":[{"name":"wp","href":"https:\/\/api.w.org\/{rel}","templated":true}]}}