{"id":6066,"date":"2021-11-30T16:26:35","date_gmt":"2021-11-30T15:26:35","guid":{"rendered":"https:\/\/www.navegavela.com\/club-de-voile\/"},"modified":"2021-11-30T16:26:36","modified_gmt":"2021-11-30T15:26:36","slug":"club-de-voile","status":"publish","type":"page","link":"https:\/\/www.navegavela.com\/fr\/club-de-voile\/","title":{"rendered":"Club de voile"},"content":{"rendered":"<div class=\"wpb-content-wrapper\"><p>[vc_row inverse=\u00a0\u00bb\u00a0\u00bb el_class=\u00a0\u00bbcr-box-1&Prime;][vc_column]<div class=\"sc_section\" data-animation=\"animated fadeInLeft normal\"><div class=\"sc_section_inner\"><div class=\"sc_section_content_wrap\"><h1 class=\"sc_title sc_title_regular\"><\/p>\n<p style=\"text-align: center;\"><span style=\"text-align: center;\">\u00bfQuieres navegar y no tienes barco ni tripulaci\u00f3n?<\/span><\/p>\n<p><\/h1>[vc_column_text el_class=\u00a0\u00bbhr-1&Prime;]<\/p>\n<p style=\"text-align: center;\">En tant que v\u00e9t\u00e9rans dans ce secteur \u2013 plus de 30 ans \u2013 nous savons les probl\u00e8mes que repr\u00e9sente l\u2019achat d\u2019un bateau et l\u2019envergure de l\u2019investissement initial. En dehors de l\u2019achat lui-m\u00eame, il faut pr\u00e9voir les frais d\u2019amarrage, les assurances, l\u2019entretien, les r\u00e9parations, le nettoyage, etc.<\/p>\n<p style=\"text-align: center;\">Et en plus, la famille ou les amis ne nous accompagnent pas toujours dans nos passe-temps nautiques.<\/p>\n<p>[\/vc_column_text]<figure class=\"sc_image  sc_image_shape_square margin_top_px_50\"><img decoding=\"async\" src=\"https:\/\/www.navegavela.com\/wp-content\/uploads\/BERRIZ-AITXE-scaled.jpg\" alt=\"\" \/><\/figure><\/div><\/div><\/div>[\/vc_column][\/vc_row][vc_row el_class=\u00a0\u00bbcr-box-1&Prime;][vc_column width=\u00a0\u00bb1\/2&Prime;]<div class=\"sc_section margin_top_px_100 margin_bottom_px_100\" data-animation=\"animated fadeInLeft normal\"><div class=\"sc_section_inner\"><div class=\"sc_section_content_wrap\">[vc_column_text el_class=\u00a0\u00bbhr-1&Prime;]Si vous aimez naviguer, nous avons cr\u00e9\u00e9 pour vous le <strong>CLUB DE VOILE NAVEGAVELA<\/strong> un groupe de navigateurs auquel vous pouvez vous joindre pour avoir acc\u00e8s \u00e0 un voilier moderne de 10,5 m\u00e8tres parfaitement \u00e9quip\u00e9 et en parfait \u00e9tat, avec des compagnons qui vous accompagneront dans votre voyage sans aucune autre pr\u00e9occupation que votre agenda au quotidien et sans limites d\u2019horaires. Alors tout simplement, levez l\u2019ancre, naviguez et profitez!<\/p>\n<p>Activit\u00e9s nautiques \u2013 Louez-nous![\/vc_column_text]<h2 class=\"sc_title sc_title_regular\">CLUB DE VELA<\/h2>[vc_column_text el_class=\u00a0\u00bbhr-1&Prime;]<\/p>\n<ul>\n<li>Partage d\u2019embarcation avec d\u2019autres membres du club<\/li>\n<li>2 adh\u00e9rents minimums pour partir naviguer<\/li>\n<li>Profitez du voilier et traitez-le comme s\u2019il \u00e9tait \u00e0 vous<\/li>\n<li>Seule obligation : avertir de votre d\u00e9part<\/li>\n<\/ul>\n<p>[\/vc_column_text]<\/div><\/div><\/div>[\/vc_column][vc_column width=\u00a0\u00bb1\/2&Prime;]<div class=\"sc_section margin_top_px_100 margin_bottom_px_100\" data-animation=\"animated fadeInRight normal\"><div class=\"sc_section_inner\"><div class=\"sc_section_content_wrap\"><figure class=\"sc_image  sc_image_shape_square\"><img decoding=\"async\" src=\"https:\/\/www.navegavela.com\/wp-content\/uploads\/BERRIZ-AITXE-2-2-scaled.jpg\" alt=\"\" \/><\/figure><\/div><\/div><\/div>[\/vc_column][vc_column][vc_separator][\/vc_column][\/vc_row][vc_row][vc_column]<div class=\"sc_promo margin_top_px_100 margin_right_px_150 margin_left_px_150 sc_promo_size_large\"><div class=\"sc_promo_inner\"><div class=\"sc_promo_image\" style=\"background-image:url(https:\/\/www.navegavela.com\/wp-content\/uploads\/2016\/07\/aitxebinochevieja2014_reto.jpg);width:50%;left: 0;\"><\/div><div class=\"sc_promo_block sc_align_center\" style=\"width: 50%; float: right; margin:30px;\"><div class=\"sc_promo_block_inner\"><h6 class=\"sc_promo_subtitle sc_item_subtitle\">Hazte socio del<\/h6><h2 class=\"sc_promo_title sc_item_title sc_item_title_without_descr\">Club de Vela<\/h2><div class=\"sc_promo_button sc_item_button\"><a href=\"https:\/\/www.navegavela.com\/contacto\/\" class=\"sc_button sc_button_round sc_button_style_filled sc_button_style_color_style_color_1 sc_button_size_small\">\u00a1Hazte Socio ya!<\/a><\/div><\/div><\/div><\/div><\/div>[\/vc_column][\/vc_row]<\/p>\n<\/div>","protected":false},"excerpt":{"rendered":"<p>[vc_row inverse=\u00a0\u00bb\u00a0\u00bb el_class=\u00a0\u00bbcr-box-1&Prime;][vc_column][\/vc_column][\/vc_row][vc_row el_class=\u00a0\u00bbcr-box-1&Prime;][vc_column width=\u00a0\u00bb1\/2&Prime;][\/vc_column][vc_column width=\u00a0\u00bb1\/2&Prime;][\/vc_column][vc_column][vc_separator][\/vc_column][\/vc_row][vc_row][vc_column][\/vc_column][\/vc_row]<\/p>\n","protected":false},"author":1,"featured_media":0,"parent":0,"menu_order":3,"comment_status":"closed","ping_status":"closed","template":"","meta":{"_joinchat":[],"footnotes":""},"class_list":["post-6066","page","type-page","status-publish","hentry"],"_links":{"self":[{"href":"https:\/\/www.navegavela.com\/fr\/wp-json\/wp\/v2\/pages\/6066","targetHints":{"allow":["GET"]}}],"collection":[{"href":"https:\/\/www.navegavela.com\/fr\/wp-json\/wp\/v2\/pages"}],"about":[{"href":"https:\/\/www.navegavela.com\/fr\/wp-json\/wp\/v2\/types\/page"}],"author":[{"embeddable":true,"href":"https:\/\/www.navegavela.com\/fr\/wp-json\/wp\/v2\/users\/1"}],"replies":[{"embeddable":true,"href":"https:\/\/www.navegavela.com\/fr\/wp-json\/wp\/v2\/comments?post=6066"}],"version-history":[{"count":0,"href":"https:\/\/www.navegavela.com\/fr\/wp-json\/wp\/v2\/pages\/6066\/revisions"}],"wp:attachment":[{"href":"https:\/\/www.navegavela.com\/fr\/wp-json\/wp\/v2\/media?parent=6066"}],"curies":[{"name":"wp","href":"https:\/\/api.w.org\/{rel}","templated":true}]}}